{"id":1862,"date":"2021-02-26T14:43:19","date_gmt":"2021-02-26T13:43:19","guid":{"rendered":"https:\/\/www.rbz.es\/politica-ambiental\/"},"modified":"2026-02-20T12:22:53","modified_gmt":"2026-02-20T11:22:53","slug":"politica-ambiental","status":"publish","type":"page","link":"https:\/\/www.rbz.es\/en\/politica-ambiental\/","title":{"rendered":"Pol\u00edtica ambiental"},"content":{"rendered":"\n<p><strong>RBZ ROBOT DESIGN<\/strong> manifiesta abiertamente su intenci\u00f3n de reducir su huella ambiental, sobre todo de aquellos aspectos medioambientales en los que podemos influir, con un enfoque de mejora permanente.<\/p>\n\n\n\n<p>El sistema de gesti\u00f3n ambiental de <strong>RBZ ROBOT DESIGN<\/strong> est\u00e1 dise\u00f1ado de manera que los servicios que presta la organizaci\u00f3n: <em><u>\u201cFABRICACI\u00d3N Y PRODUCCI\u00d3N DE HARDWARE, SOFTWARE, TARJETAS Y EQUIPOS ELECTR\u00d3NICOS\u201d<\/u><\/em> se lleven a cabo correctamente y de manera eficiente, empleando los medios adecuados para ello y de forma que se alcancen los m\u00e1ximos resultados.<\/p>\n\n\n\n<p>Para cumplir con los objetivos propuestos, el sistema de gesti\u00f3n medioambiental establecido por <strong>RBZ ROBOT DESIGN<\/strong>, basado en la norma de referencia UNE-EN-ISO 14001:2015, se apoya en los siguientes pilares b\u00e1sicos que establece la Direcci\u00f3n:<\/p>\n\n\n\n<ul class=\"wp-block-list\"><li>Perseguir el cumplimiento de los objetivos medioambientales fijados, con el compromiso de mejora continua del desempe\u00f1o ambiental.<\/li><li>Proporcionar a los empleados internos y al personal externo un lugar de trabajo seguro y saludable.<\/li><li>Actuar en las instalaciones de la empresa para prevenir da\u00f1os a la salud p\u00fablica y al medio ambiente, disminuyendo los consumos de energ\u00eda, agua y materias primas, para contribuir as\u00ed a la comunidad local.<\/li><li>Comunicar interna y externamente aspectos relevantes del sistema de gesti\u00f3n ambiental de la empresa.<\/li><li>Cumplir todas las leyes y regulaciones vigentes, relativas al medio ambiente, as\u00ed como aquellos compromisos y requisitos que la empresa suscriba con las partes interesadas.<\/li><li>Prevenir, reducir y eliminar cuando sea posible la afecci\u00f3n ambiental que pueda derivarse de sus actividades.<\/li><li>Proteger el medioambiente, incluida la prevenci\u00f3n de la contaminaci\u00f3n y la reducci\u00f3n de nuestra huella ambiental.<\/li><li>Promover un creciente nivel de eficiencia en la utilizaci\u00f3n de recursos naturales y energ\u00e9ticos.<\/li><li>Alertar y prevenir a las partes interesadas que pudieran verse afectadas por riesgos relacionados con nuestros productos o actividades.<\/li><li>Trabajar con terceros para gestionar de manera correcta la manipulaci\u00f3n y dep\u00f3sito de sustancias peligrosas.<\/li><li>Formar a los empleados en materia medioambiental, promover actividades y contribuir al desarrollo de responsabilidades en el \u00e1mbito del medio ambiente.<\/li><li>Contribuir cada d\u00eda a nivel global a crear una sociedad m\u00e1s segura, justa y transparente.<\/li><li>Difundir su pol\u00edtica ambiental para el conocimiento y respeto de la misma.<\/li><\/ul>\n\n\n\n<p>Estos principios son asumidos por la Direcci\u00f3n, quien dispone los medios necesarios y dota a sus empleados de los recursos suficientes para su cumplimiento, plasm\u00e1ndolos y poni\u00e9ndolos en p\u00fablico conocimiento a trav\u00e9s de la presente Pol\u00edtica Medioambiental.<\/p>\n","protected":false},"excerpt":{"rendered":"<p>RBZ ROBOT DESIGN manifiesta abiertamente su intenci\u00f3n de reducir su huella ambiental, sobre todo de aquellos aspectos medioambientales en los que podemos influir, con un enfoque de mejora permanente. El sistema de gesti\u00f3n ambiental de RBZ ROBOT DESIGN est\u00e1 dise\u00f1ado de manera que los servicios que presta la organizaci\u00f3n: \u201cFABRICACI\u00d3N Y PRODUCCI\u00d3N DE HARDWARE, SOFTWARE, [&hellip;]<\/p>\n","protected":false},"author":1,"featured_media":0,"parent":0,"menu_order":0,"comment_status":"closed","ping_status":"closed","template":"","meta":{"_acf_changed":false,"footnotes":""},"class_list":["post-1862","page","type-page","status-publish","hentry","odd"],"acf":[],"_links":{"self":[{"href":"https:\/\/www.rbz.es\/en\/wp-json\/wp\/v2\/pages\/1862","targetHints":{"allow":["GET"]}}],"collection":[{"href":"https:\/\/www.rbz.es\/en\/wp-json\/wp\/v2\/pages"}],"about":[{"href":"https:\/\/www.rbz.es\/en\/wp-json\/wp\/v2\/types\/page"}],"author":[{"embeddable":true,"href":"https:\/\/www.rbz.es\/en\/wp-json\/wp\/v2\/users\/1"}],"replies":[{"embeddable":true,"href":"https:\/\/www.rbz.es\/en\/wp-json\/wp\/v2\/comments?post=1862"}],"version-history":[{"count":1,"href":"https:\/\/www.rbz.es\/en\/wp-json\/wp\/v2\/pages\/1862\/revisions"}],"predecessor-version":[{"id":2031,"href":"https:\/\/www.rbz.es\/en\/wp-json\/wp\/v2\/pages\/1862\/revisions\/2031"}],"wp:attachment":[{"href":"https:\/\/www.rbz.es\/en\/wp-json\/wp\/v2\/media?parent=1862"}],"curies":[{"name":"wp","href":"https:\/\/api.w.org\/{rel}","templated":true}]}}