{"id":1869,"date":"2021-04-09T11:46:52","date_gmt":"2021-04-09T09:46:52","guid":{"rendered":"https:\/\/www.rbz.es\/?page_id=1869"},"modified":"2021-04-09T11:46:54","modified_gmt":"2021-04-09T09:46:54","slug":"condiciones-y-terminos","status":"publish","type":"page","link":"https:\/\/www.rbz.es\/en\/condiciones-y-terminos\/","title":{"rendered":"Condiciones y T\u00e9rminos"},"content":{"rendered":"\n<h2 class=\"wp-block-heading\">Datos identificativos<\/h2>\n\n\n\n<p>En cumplimiento con el deber de informaci\u00f3n estipulado en art\u00edculo 10 de la Ley 34\/2002, de 11 de julio, de Servicios de la Sociedad de la Informaci\u00f3n y del Comercio Electr\u00f3nico, RBZ ROBOT DESIGN SL (en adelante RBZ) en calidad de titular del sitio web www.rbz.es hace constar:<\/p>\n\n\n\n<figure class=\"wp-block-table\"><table class=\"has-fixed-layout\"><tbody><tr><td>Nombre\/denominaci\u00f3n social<\/td><td>RBZ ROBOT DESIGN SL<\/td><\/tr><tr><td>CIF<\/td><td>B-83844878<\/td><\/tr><tr><td>Direcci\u00f3n Postal<\/td><td>C\/ Casas de Miravete 24a, 28031, Madrid<\/td><\/tr><tr><td>Tel\u00e9fono<\/td><td>91.6781463<\/td><\/tr><tr><td>Correo electr\u00f3nico<\/td><td>info@rbz.es<\/td><\/tr><tr><td>Inscripci\u00f3n Registro Mercantil<\/td><td>Tomo 19541, Folio 136, Inscripci\u00f3n 1a, Hoja M-343237<\/td><\/tr><\/tbody><\/table><\/figure>\n\n\n\n<h2 class=\"wp-block-heading\"><strong>Usuarios \/ Condiciones de uso<\/strong><\/h2>\n\n\n\n<p>El acceso y\/o uso de este sitio web de www.rbz.es atribuye la condici\u00f3n de USUARIO, que acepta, desde dicho acceso y\/o uso, los presentes t\u00e9rminos de uso, sin reservas de todas y cada una de las cl\u00e1usulas y condiciones generales incluidas en las Condiciones y T\u00e9rminos de uso. Si el Usuario no estuviera conforme con las cl\u00e1usulas y condiciones de uso se abstendr\u00e1 de utilizar la P\u00e1gina.<\/p>\n\n\n\n<h2 class=\"wp-block-heading\"><strong>Uso del sitio web<\/strong><\/h2>\n\n\n\n<p>Este sitio Web proporciona el acceso a informaciones y datos (en adelante, \u201cLOS CONTENIDOS\u201d) propiedad de <strong>RBZ<\/strong>. El USUARIO asume la responsabilidad del uso de la web.<\/p>\n\n\n\n<p>Algunas p\u00e1ginas del sitio Web pueden permitir la participaci\u00f3n mediante comentarios, pudiendo en tal caso cualquier usuario enviar textos a trav\u00e9s del formulario establecido a tal efecto. Al enviar dichos textos, haciendo clic en el enlace correspondiente, el USUARIO se compromete y acepta, a hacer un uso adecuado de los contenidos que www.rbz.es ofrece a trav\u00e9s de su web, a no emplearlos con fines o efectos il\u00edcitos, prohibidos en el Aviso Legal o por la legislaci\u00f3n vigente, lesivos de los derechos e intereses de terceros, o que de cualquier forma puedan da\u00f1ar, inutilizar, sobrecargar, deteriorar o impedir la normal utilizaci\u00f3n de los Contenidos, los equipos inform\u00e1ticos o los documentos, archivos y toda clase de contenidos almacenados en cualquier equipo inform\u00e1tico propios o contratados por <strong>RBZ<\/strong>, de otros Usuarios o de cualquier usuario de Internet (hardware y software).<\/p>\n\n\n\n<p>EL USUARIO se obliga y se compromete a no transmitir, difundir o poner a disposici\u00f3n de terceros cualquier clase de material contenido en la P\u00e1gina, tales como informaciones, textos, datos, contenidos, mensajes, gr\u00e1ficos, dibujos, archivos de sonido y\/o imagen, fotograf\u00edas, grabaciones, software, logotipos, marcas, iconos, tecnolog\u00eda, fotograf\u00edas, software, enlaces, dise\u00f1o gr\u00e1fico y c\u00f3digos fuente, o cualquier otro material al que tuviera acceso en su condici\u00f3n de Usuario de la P\u00e1gina, sin que esta enumeraci\u00f3n tenga car\u00e1cter limitativo.<\/p>\n\n\n\n<p>Asimismo, de conformidad con todo ello, EL USUARIO no podr\u00e1:<\/p>\n\n\n\n<ul class=\"wp-block-list\"><li><strong>\u00a0<\/strong>Reproducir, copiar, distribuir, poner a disposici\u00f3n o de cualquier otra forma comunicar p\u00fablicamente, transformar o modificar los Contenidos, a menos que se cuente con la autorizaci\u00f3n escrita y expresa de <strong>RBZ<\/strong>, que es titular de los correspondientes derechos, o bien que ello resulte legalmente permitido.<\/li><li>Suprimir, manipular o de cualquier forma alterar el &#8220;copyright&#8221; y dem\u00e1s datos identificativos de la reserva de derechos de <strong>RBZ <\/strong>o de sus titulares, de las huellas y\/o identificadores digitales, o de cualesquiera otros medios t\u00e9cnicos establecidos para su reconocimiento.<\/li><li>El Usuario deber\u00e1 abstenerse de obtener e incluso de intentar obtener los Contenidos empleando para ello medios o procedimientos distintos de los que, seg\u00fan los casos, se hayan puesto a su disposici\u00f3n a este efecto o se hayan indicado a este efecto en las p\u00e1ginas Web donde se encuentren los Contenidos o, en general, de los que se empleen habitualmente en Internet a este efecto siempre que no entra\u00f1en un riesgo de da\u00f1o o inutilizaci\u00f3n de la P\u00e1gina, y\/o de los Contenidos.<\/li><\/ul>\n\n\n\n<p>Del mismo modo, El USUARIO reconoce:<\/p>\n\n\n\n<ul class=\"wp-block-list\"><li>Que <strong>RBZ <\/strong>no responder\u00e1 de forma alguna por las opiniones vertidas por los usuarios que, en su caso, participen, cuyas opiniones son de su \u00fanica y exclusiva responsabilidad.<\/li><li>Que los comentarios de los usuarios no representan las opiniones de <strong>RBZ<\/strong>, de sus socios o de sus empleados.<\/li><li>Que <strong>RBZ <\/strong>no garantiza, en ning\u00fan caso, la publicaci\u00f3n de los contenidos enviados por los usuarios. En tal sentido, todos los comentarios recibidos ser\u00e1n revisados autom\u00e1ticamente por un filtro antispam y moderados, en cuanto a su forma, por un administrador del sitio Web, que actuar\u00e1 en todo caso respetando las libertades democr\u00e1ticas de expresi\u00f3n e informaci\u00f3n.<\/li><\/ul>\n\n\n\n<p>Asimismo, <strong>RBZ <\/strong>se reserva el derecho de retirar todos aquellos comentarios y aportaciones que vulneren el respeto a la dignidad de la persona, que sean discriminatorios, xen\u00f3fobos, racistas, pornogr\u00e1ficos, que atenten contra la juventud o la infancia, el orden o la seguridad p\u00fablica o que, a su juicio, no resultaran adecuados para su publicaci\u00f3n.<\/p>\n\n\n\n<h2 class=\"wp-block-heading\"><strong>Pol\u00edtica de privacidad. Protecci\u00f3n de Datos<\/strong><\/h2>\n\n\n\n<p>RBZ. se obliga a cumplir la legislaci\u00f3n vigente en materia de protecci\u00f3n de datos personales de acuerdo con lo establecido en la \u201cPol\u00edtica de Privacidad\u201d.<\/p>\n\n\n\n<h2 class=\"wp-block-heading\"><strong>Modificaci\u00f3n del Aviso Legal<\/strong><\/h2>\n\n\n\n<p>Con el fin de mejorar las prestaciones del sitio Web, <strong>RBZ <\/strong>se reserva la facultad de efectuar, en cualquier momento y sin necesidad de previo aviso, modificaciones y actualizaciones de la informaci\u00f3n contenida en el sitio Web, de la configuraci\u00f3n y dise\u00f1o de \u00e9ste y del presente aviso legal, as\u00ed como de cualesquiera otras condiciones particulares.<\/p>\n\n\n\n<p>Por tanto, EL USUARIO debe leer las \u201cCondiciones y T\u00e9rminos de Uso\u201d en todas y cada una de las ocasiones en que acceda a la P\u00e1gina.<\/p>\n\n\n\n<h2 class=\"wp-block-heading\"><strong>Propiedad intelectual \/ industrial<\/strong><\/h2>\n\n\n\n<p><strong>RBZ <\/strong>es titular de todos los derechos de propiedad intelectual e industrial de su p\u00e1gina web, as\u00ed como de los elementos contenidos en la misma (a t\u00edtulo enunciativo, im\u00e1genes, sonido, audio, v\u00eddeo, software o textos; marcas o logotipos, combinaciones de colores, estructura y dise\u00f1o, selecci\u00f3n de materiales usados, programas de ordenador necesarios para su funcionamiento, acceso y uso, etc.), o bien de sus licenciantes, estando todos los derechos reservados.<\/p>\n\n\n\n<p>Cualquier uso no autorizado previamente y de forma expresa por <strong>RBZ <\/strong>ser\u00e1 considerado un incumplimiento grave de los derechos de propiedad intelectual o industrial del autor.<\/p>\n\n\n\n<p>El USUARIO se compromete a respetar los derechos de Propiedad Intelectual e Industrial titularidad de <strong>RBZ<\/strong>. Podr\u00e1 visualizar los elementos de la web e incluso imprimirlos, copiarlos y almacenarlos en el disco duro de su ordenador o en cualquier otro soporte f\u00edsico siempre y cuando sea, \u00fanica y exclusivamente, para su uso personal y privado.<\/p>\n\n\n\n<p>El USUARIO deber\u00e1 abstenerse de suprimir, alterar, eludir o manipular cualquier dispositivo de protecci\u00f3n o sistema de seguridad que estuviera instalado en las p\u00e1ginas de <strong>RBZ.<\/strong><\/p>\n\n\n\n<p>Todas las marcas, nombres comerciales o signos distintivos de cualquier clase que aparecen en la P\u00e1gina son propiedad de <strong>RBZ <\/strong>o, en su caso, de terceros que han autorizado su uso, sin que pueda entenderse que el uso o acceso al Portal y\/o a los Contenidos atribuya al Usuario derecho alguno sobre las citadas marcas, nombres comerciales y\/o signos distintivos, y sin que puedan entenderse cedidos al Usuario, ninguno de los derechos de explotaci\u00f3n que existen o puedan existir sobre dichos Contenidos.<\/p>\n\n\n\n<p>De igual modo los Contenidos son propiedad intelectual de <strong>RBZ <\/strong>o de terceros que han autorizado su uso, a quienes corresponde el ejercicio exclusivo de los derechos de explotaci\u00f3n de los mismos en cualquier forma. Quedan expresamente prohibidas la reproducci\u00f3n, la distribuci\u00f3n y la comunicaci\u00f3n p\u00fablica, incluida su modalidad de puesta a disposici\u00f3n, de la totalidad o parte de los contenidos de esta p\u00e1gina web, con fines comerciales, en cualquier soporte y por cualquier medio t\u00e9cnico, sin la autorizaci\u00f3n del titular leg\u00edtimo.<\/p>\n\n\n\n<p>La utilizaci\u00f3n no autorizada de la informaci\u00f3n contenida en esta Web, as\u00ed como la lesi\u00f3n de los derechos de Propiedad Intelectual o Industrial de <strong>RBZ <\/strong>o de terceros incluidos en la P\u00e1gina que hayan cedido contenidos dar\u00e1 lugar a las responsabilidades legalmente establecidas.<\/p>\n\n\n\n<h2 class=\"wp-block-heading\"><strong><strong>Disponibilidad de la p\u00e1gina<\/strong><\/strong><\/h2>\n\n\n\n<p><strong>RBZ <\/strong>no garantiza la inexistencia de interrupciones o errores en el acceso a la P\u00e1gina, a sus Contenidos, ni que \u00e9ste se encuentre actualizado- Por consiguiente, <strong>RBZ <\/strong>no se responsabiliza de los da\u00f1os o perjuicios de cualquier tipo producidos en EL USUARIO que traigan causa de fallos o desconexiones en las redes de telecomunicaciones que<\/p>\n\n\n\n<p>produzcan la suspensi\u00f3n, cancelaci\u00f3n o interrupci\u00f3n del servicio del Portal durante la prestaci\u00f3n del mismo o con car\u00e1cter previo.<\/p>\n\n\n\n<p><strong>RBZ <\/strong>excluye, con las excepciones contempladas en la legislaci\u00f3n vigente, cualquier responsabilidad por los da\u00f1os y perjuicios de toda naturaleza que puedan deberse a la falta de disponibilidad, continuidad o calidad del funcionamiento de la P\u00e1gina y de los Contenidos, al no cumplimiento de la expectativa de utilidad que los usuarios hubieren podido atribuir a la P\u00e1gina y a los Contenidos.<\/p>\n\n\n\n<p>La funci\u00f3n de los Hiperenlaces que aparecen en esta Web es exclusivamente la de informar al usuario acerca de la existencia de otras Web que contienen informaci\u00f3n sobre la materia.<\/p>\n\n\n\n<p>Dichos Hiperenlaces no constituyen sugerencia ni recomendaci\u00f3n alguna.<\/p>\n\n\n\n<p><strong>RBZ <\/strong>tampoco se hace responsable de los errores de seguridad que se puedan producir, ni de los da\u00f1os que puedan causarse al sistema inform\u00e1tico del usuario (hardware y software), o a los ficheros o documentos almacenados en el mismo, como consecuencia de:<\/p>\n\n\n\n<ul class=\"wp-block-list\"><li>La presencia de un virus en el ordenador del usuario que sea utilizado para la conexi\u00f3n a los servicios y contenidos del sitio Web,<\/li><li>Un mal funcionamiento del navegador o el uso de versiones no actualizadas del mismo. <strong>RBZ <\/strong>no se hace responsable de los contenidos de dichas p\u00e1ginas enlazadas, del funcionamiento o utilidad de los Hiperenlaces ni del resultado de dichos enlaces, ni garantiza la ausencia de virus u otros elementos en los mismos que puedan producir alteraciones en el sistema inform\u00e1tico (hardware y software), los documentos o los ficheros del usuario, excluyendo cualquier responsabilidad por los da\u00f1os de cualquier clase causados al usuario por este motivo.<\/li><\/ul>\n\n\n\n<h2 class=\"wp-block-heading\"><strong>Jurisdicci\u00f3n<\/strong><\/h2>\n\n\n\n<p>Para cuantas cuestiones se susciten sobre la interpretaci\u00f3n, aplicaci\u00f3n y cumplimiento de estos \u201cT\u00e9rminos y Condiciones de Uso\u201d, as\u00ed como de las reclamaciones que puedan derivarse del mismo, las partes intervinientes se someten a los Jueces y Tribunales de Madrid renunciando de forma expresa a cualquier otro fuero que pudiera corresponderles<\/p>\n\n\n\n<h2 class=\"wp-block-heading\"><strong>Legislaci\u00f3n aplicable<\/strong><\/h2>\n\n\n\n<p>Las presentes condiciones se rigen por la legislaci\u00f3n espa\u00f1ola.<\/p>\n","protected":false},"excerpt":{"rendered":"<p>Datos identificativos En cumplimiento con el deber de informaci\u00f3n estipulado en art\u00edculo 10 de la Ley 34\/2002, de 11 de julio, de Servicios de la Sociedad de la Informaci\u00f3n y del Comercio Electr\u00f3nico, RBZ ROBOT DESIGN SL (en adelante RBZ) en calidad de titular del sitio web www.rbz.es hace constar: Nombre\/denominaci\u00f3n social RBZ ROBOT DESIGN [&hellip;]<\/p>\n","protected":false},"author":1,"featured_media":0,"parent":0,"menu_order":0,"comment_status":"closed","ping_status":"closed","template":"","meta":{"_acf_changed":false,"footnotes":""},"class_list":["post-1869","page","type-page","status-publish","hentry","odd"],"acf":[],"_links":{"self":[{"href":"https:\/\/www.rbz.es\/en\/wp-json\/wp\/v2\/pages\/1869","targetHints":{"allow":["GET"]}}],"collection":[{"href":"https:\/\/www.rbz.es\/en\/wp-json\/wp\/v2\/pages"}],"about":[{"href":"https:\/\/www.rbz.es\/en\/wp-json\/wp\/v2\/types\/page"}],"author":[{"embeddable":true,"href":"https:\/\/www.rbz.es\/en\/wp-json\/wp\/v2\/users\/1"}],"replies":[{"embeddable":true,"href":"https:\/\/www.rbz.es\/en\/wp-json\/wp\/v2\/comments?post=1869"}],"version-history":[{"count":0,"href":"https:\/\/www.rbz.es\/en\/wp-json\/wp\/v2\/pages\/1869\/revisions"}],"wp:attachment":[{"href":"https:\/\/www.rbz.es\/en\/wp-json\/wp\/v2\/media?parent=1869"}],"curies":[{"name":"wp","href":"https:\/\/api.w.org\/{rel}","templated":true}]}}