{"id":80,"date":"2018-11-06T15:45:45","date_gmt":"2018-11-06T15:45:45","guid":{"rendered":"http:\/\/www.rbz.es\/?page_id=80"},"modified":"2024-07-08T15:49:38","modified_gmt":"2024-07-08T13:49:38","slug":"privacy-policy","status":"publish","type":"page","link":"https:\/\/www.rbz.es\/en\/privacy-policy\/","title":{"rendered":"Privacy Policy"},"content":{"rendered":"\n<p><strong><strong>Pol\u00edtica de Privacidad y Protecci\u00f3n de Datos de Car\u00e1cter personal<\/strong><\/strong> (Actualizada a 1 de julio de 2024)<\/p>\n\n\n\n<p><strong>1.- \u00bfQui\u00e9n es el Responsable del Tratamiento de los datos personales facilitados?<\/strong><\/p>\n\n\n\n<p>De acuerdo con el establecido en el Reglamento (UE) 2016\/679, del Parlamento Europeo y del Consejo, de 27 de abril de 2016, relativo a la protecci\u00f3n de las personas f\u00edsicas en lo que respecta al tratamiento de datos personales y a la libre circulaci\u00f3n de estos datos (Reglamento general de protecci\u00f3n de datos), le informamos que los datos facilitados a trav\u00e9s de los medios establecidos en la presente p\u00e1gina web (correo electr\u00f3nico, formulario de contacto o tel\u00e9fono) ser\u00e1n tratados por RBZ Robot Design S.L. (en adelante RBZ) con CIF \u00a0B83844878.<\/p>\n\n\n\n<p><strong>2.- \u00bfCon qu\u00e9 finalidad tratamos sus datos personales?<\/strong><\/p>\n\n\n\n<p>En RBZ nos preocupa la privacidad de nuestros usuarios, as\u00ed como proteger la informaci\u00f3n de los mismos de una forma segura. En base a la normativa de protecci\u00f3n de datos, queremos informar a nuestros usuarios sobre los tratamientos que realizamos con sus datos personales. Estas son las finalidades por las cuales RBZ tratar\u00e1 la informaci\u00f3n personal de los usuarios:<\/p>\n\n\n\n<ul class=\"wp-block-list\" type=\"1\"><li><strong>Gestionar las peticiones dirigidas a trav\u00e9s del formulario de contacto, correo electr\u00f3nico o tel\u00e9fono.<\/strong><\/li><\/ul>\n\n\n\n<p>De acuerdo con el consentimiento otorgado en nuestro formulario de contacto RBZ tratar\u00e1 sus datos personales para la gesti\u00f3n de las peticiones formuladas por los usuarios, siempre y cuando est\u00e9n relacionadas con el \u00e1mbito de nuestros fines y actividades.<\/p>\n\n\n\n<ul class=\"wp-block-list\" start=\"2\"><li><strong>Env\u00edo de comunicaciones comerciales sobre nuestros productos, promociones o servicios<\/strong><\/li><\/ul>\n\n\n\n<p>Siempre y cuando usted haya otorgado el consentimiento RBZ le enviar\u00e1 comunicaciones comerciales sobre nuestros, servicios o novedades a trav\u00e9s de correo electr\u00f3nico o cualquier otro medio telem\u00e1tico.<\/p>\n\n\n\n<ul class=\"wp-block-list\" start=\"3\"><li><strong>Captaci\u00f3n de informaci\u00f3n a trav\u00e9s de cookies<\/strong><\/li><\/ul>\n\n\n\n<p>Puede consultar nuestra pol\u00edtica de cookies en <a href=\"mailto:protecciondatos@rbz.es\">protecciondatos@rbz.es<\/a>. <strong><\/strong><\/p>\n\n\n\n<p><strong>3.- \u00bfCu\u00e1l es la base legal del tratamiento de sus datos personales?<\/strong><\/p>\n\n\n\n<p>La base legal del tratamiento de sus datos personales es el art\u00edculo 6.1.a) del Reglamento General de Protecci\u00f3n de Datos, es decir el consentimiento del usuario prestado mediante una clara acci\u00f3n informativa.<\/p>\n\n\n\n<p><strong>4.- \u00bfPor cu\u00e1nto tiempo conservaremos sus datos personales?<\/strong><\/p>\n\n\n\n<p>Los datos ser\u00e1n conservados durante el tiempo necesario para la realizaci\u00f3n de las actividades anteriormente detalladas, en todo caso en cualquier momento podr\u00e1 revocar el consentimiento otorgado dirigi\u00e9ndose a nuestro sistema interno de informaci\u00f3n en  <a href=\"mailto:protecciondatos@rbz.es\">protecciondatos@rbz.es<\/a>. <\/p>\n\n\n\n<p><strong>5.- \u00bfA qu\u00e9 destinatarios se comunicar\u00e1n sus datos personales?<\/strong><\/p>\n\n\n\n<p>Sus datos personales no ser\u00e1n comunicados a terceros ajenos a las entidades, salvo en los supuestos legalmente previstos. En todo caso, para llevar a cabo las finalidades identificadas, la entidad puede contratar a proveedores, que act\u00faan en calidad de Encargado del Tratamiento. En cualquier caso, tus datos personales no ser\u00e1n transferidos a pa\u00edses localizados fuera de la Uni\u00f3n Europea.<\/p>\n\n\n\n<p><strong>6.- \u00bfCu\u00e1les son sus derechos cuando nos facilita sus datos personales?<\/strong><\/p>\n\n\n\n<p>El interesado podr\u00e1 ejercitar los derechos detallados a continuaci\u00f3n dirigi\u00e9ndose a nuestro Sistema Interno de Informaci\u00f3n en <a href=\"mailto:protecciondatos@rbz.es\">protecciondatos@rbz.es<\/a>.<\/p>\n\n\n\n<ul class=\"wp-block-list\"><li><strong>Derecho de acceso<\/strong>: Es el derecho del interesado a obtener confirmaci\u00f3n de si se est\u00e1n tratando o no datos personales que le conciernen y, en tal caso, derecho de acceso a los datos personales.<\/li><li><strong>Derecho de rectificaci\u00f3n:<\/strong> Es el derecho del interesado a solicitar la rectificaci\u00f3n de los datos personales inexactos que le conciernan. El interesado, asimismo, teniendo en cuenta los fines del tratamiento, tendr\u00e1 derecho a que se completen los datos personales que sean incompletos, inclusive mediante una declaraci\u00f3n adicional.<\/li><li><strong>Derecho a la supresi\u00f3n:<\/strong> Es el derecho del interesado a obtener la supresi\u00f3n de sus datos personales, siempre y cuando concurra alguna de las circunstancias previstas en el art\u00edculo 17 del Reglamento General de Protecci\u00f3n de Datos.<\/li><li><strong>Derecho a la limitaci\u00f3n del tratamiento:<\/strong> Es el derecho del interesado, a obtener la limitaci\u00f3n del tratamiento de datos personales, siempre que se cumpla alguna de las condiciones establecidas en el art\u00edculo 18 del Reglamento General de Protecci\u00f3n de Datos. En este caso, los datos solo podr\u00e1n ser objeto de tratamiento, con excepci\u00f3n de su conservaci\u00f3n, con el consentimiento del interesado o para la formulaci\u00f3n, el ejercicio o la defensa de reclamaciones\u00a0<\/li><li><strong>Derecho de oposici\u00f3n: <\/strong>Es el derecho del interesado, en determinadas circunstancias y por motivos relacionados con su situaci\u00f3n particular, a oponerse al tratamiento de sus datos personales, de acuerdo con lo establecido en el art\u00edculo 21 del Reglamento General de Protecci\u00f3n de Datos.<\/li><li><strong>Derecho a la portabilidad de los datos: <\/strong>Es el derecho del interesado a recibir datos personales que le incumben, que haya facilitado a un responsable del tratamiento, en un formato estructurado, de uso com\u00fan y lectura mec\u00e1nica, y a transmitirlos a otro responsable del tratamiento sin que lo impida el responsable al que se los hubiera facilitado, siempre y cuando se cumplan las condiciones establecidas en el art\u00edculo 20 del Reglamento General de Protecci\u00f3n de Datos.<\/li><\/ul>\n\n\n\n<p><strong>7.- Cambios en la Pol\u00edtica de Privacidad<\/strong><\/p>\n\n\n\n<p>Nos \u00a0reservamos la facultad de modificar la presente Pol\u00edtica de Privacidad para adaptarla a las novedades legislativas, jurisprudenciales o de interpretaci\u00f3n de la Agencia Espa\u00f1ola de Protecci\u00f3n de Datos. En este caso, anunciaremos dichos cambios, indicando claramente y con la debida antelaci\u00f3n las modificaciones efectuadas, y solicit\u00e1ndole, en caso de que sea necesario, la aceptaci\u00f3n de dichos cambios.<\/p>\n","protected":false},"excerpt":{"rendered":"<p>Pol\u00edtica de Privacidad y Protecci\u00f3n de Datos de Car\u00e1cter personal (Actualizada a 1 de julio de 2024) 1.- \u00bfQui\u00e9n es el Responsable del Tratamiento de los datos personales facilitados? De acuerdo con el establecido en el Reglamento (UE) 2016\/679, del Parlamento Europeo y del Consejo, de 27 de abril de 2016, relativo a la protecci\u00f3n [&hellip;]<\/p>\n","protected":false},"author":1,"featured_media":0,"parent":0,"menu_order":20,"comment_status":"closed","ping_status":"open","template":"","meta":{"_acf_changed":false,"footnotes":""},"class_list":["post-80","page","type-page","status-publish","hentry","odd"],"acf":[],"_links":{"self":[{"href":"https:\/\/www.rbz.es\/en\/wp-json\/wp\/v2\/pages\/80","targetHints":{"allow":["GET"]}}],"collection":[{"href":"https:\/\/www.rbz.es\/en\/wp-json\/wp\/v2\/pages"}],"about":[{"href":"https:\/\/www.rbz.es\/en\/wp-json\/wp\/v2\/types\/page"}],"author":[{"embeddable":true,"href":"https:\/\/www.rbz.es\/en\/wp-json\/wp\/v2\/users\/1"}],"replies":[{"embeddable":true,"href":"https:\/\/www.rbz.es\/en\/wp-json\/wp\/v2\/comments?post=80"}],"version-history":[{"count":0,"href":"https:\/\/www.rbz.es\/en\/wp-json\/wp\/v2\/pages\/80\/revisions"}],"wp:attachment":[{"href":"https:\/\/www.rbz.es\/en\/wp-json\/wp\/v2\/media?parent=80"}],"curies":[{"name":"wp","href":"https:\/\/api.w.org\/{rel}","templated":true}]}}