{"id":1893,"date":"2021-11-30T13:32:15","date_gmt":"2021-11-30T12:32:15","guid":{"rendered":"https:\/\/www.rbz.es\/?page_id=1893"},"modified":"2026-02-20T12:24:05","modified_gmt":"2026-02-20T11:24:05","slug":"politica-laboral","status":"publish","type":"page","link":"https:\/\/www.rbz.es\/es\/politica-laboral\/","title":{"rendered":"Pol\u00edtica de seguridad y salud en el trabajo"},"content":{"rendered":"\n<p><strong>RBZ ROBOT DESIGN<\/strong> manifiesta abiertamente su intenci\u00f3n de proteger a todos sus empleados, subcontratistas y el ambiente del trabajo a trav\u00e9s de la prevenci\u00f3n de incidentes y accidentes de trabajo y enfermedades laborales.<\/p>\n\n\n\n<p>De igual manera,<strong> la Direcci\u00f3n propondr\u00e1 un ambiente laboral seguro en cada uno de los servicios que ofrece mediante la identificaci\u00f3n de los peligros, evaluaci\u00f3n, valoraci\u00f3n de los riesgos y determinaci\u00f3n de los controles. <\/strong>&nbsp;<\/p>\n\n\n\n<p>La Direcci\u00f3n es consciente de que la fuerza de la organizaci\u00f3n se basa en nuestro personal, siendo el principal activo de la organizaci\u00f3n, por lo que para RBZ ROBOT DESIGN es prioritario el cumplir con los requisitos legales que aplican en materia de Seguridad y Salud en el Trabajo.<\/p>\n\n\n\n<p>El sistema de gesti\u00f3n de Seguridad y Salud en el Trabajo de <strong>RBZ ROBOT DESIGN<\/strong> est\u00e1 dise\u00f1ado de manera que los servicios que presta la organizaci\u00f3n: <em><u>\u201cDISE\u00d1O, DESARROLLO, FABRICACI\u00d3N Y PRODUCCI\u00d3N DE HARDWARE, SOFTWARE, TARJETAS Y EQUIPOS ELECTR\u00d3NICOS\u201d<\/u><\/em> se lleven a cabo correctamente y de manera eficiente, empleando los medios adecuados para ello y de forma que se alcancen los m\u00e1ximos resultados.<\/p>\n\n\n\n<p>Para cumplir con los objetivos propuestos, el sistema de gesti\u00f3n de calidad establecido por <strong>RBZ ROBOT DESIGN<\/strong>, basado en la norma de referencia UNE-EN-ISO 45001:2018, se apoya en los siguientes pilares b\u00e1sicos que establece la Direcci\u00f3n:<\/p>\n\n\n\n<ul class=\"wp-block-list\"><li><strong>Proporcionar condiciones de trabajo seguras y saludables <\/strong>para la prevenci\u00f3n de lesiones y deterioro de la salud.<\/li><li><strong>Cumplir los requisitos legales y otros requisitos <\/strong>aplicables a la actividad desarrollada por la organizaci\u00f3n relativos a la seguridad y salud en el trabajo.<strong><\/strong><\/li><li><strong>Desarrollar la comunicaci\u00f3n interna<\/strong> para dar a conocer la pol\u00edtica y los objetivos de gesti\u00f3n a todos los trabajadores, y la comunicaci\u00f3n externa para fortalecer las relaciones con las partes interesadas.<\/li><li>Favorecer un ambiente participativo, as\u00ed como la <strong>consulta y participaci\u00f3n directa con los trabajadores<\/strong> de todos los niveles de la organizaci\u00f3n.<\/li><li>Asegurar la <strong>competencia de todos los trabajadores en relaci\u00f3n con la seguridad y salud en el trabajo<\/strong>, con el fin de que los proyectos incorporen las mejores t\u00e9cnicas m\u00e1s avanzadas para evitar riesgos durante su ejecuci\u00f3n.<\/li><li>Llevar a cabo y verificar una actividad preventiva eficaz, revisando las <strong>condiciones peri\u00f3dicas de trabajo, establecimiento de objetivos e indicadores en materia de seguridad y salud<\/strong>, adoptando las mejores pr\u00e1cticas para conseguirlos.<\/li><li>Asignar los recursos necesarios para la <strong>formaci\u00f3n y la sensibilizaci\u00f3n de todos los empleados<\/strong> y las empresas colaboradoras, con el fin de garantizar el correcto desarrollo de los trabajos y fomentar el desarrollo de los procedimientos internos y las buenas pr\u00e1cticas.<\/li><li>Asegurar que la prevenci\u00f3n y la formaci\u00f3n en Seguridad y Salud en el Trabajo, junto con la <strong>identificaci\u00f3n y evaluaci\u00f3n de riesgos de la actividad,<\/strong> la protecci\u00f3n de la salud y seguridad de los trabajadores (propios y contratistas), la investigaci\u00f3n de los incidentes y la aplicaci\u00f3n de medidas correctoras, ser\u00e1n factores determinantes para eliminar, evitar o reducir la exposici\u00f3n a los riesgos.<\/li><li>Mantener el sistema de gesti\u00f3n de Seguridad y Salud en el Trabajo en base al seguimiento, an\u00e1lisis continuo de los datos, objetivos y metas, revisi\u00f3n por la Direcci\u00f3n y la realizaci\u00f3n de auditor\u00edas, <strong>promoviendo la mejora continua compatible con los criterios de la Seguridad y Salud en el Trabajo<\/strong>.<\/li><li><strong>Disponer de los medios humanos y materiales<\/strong> adecuados para cuidar la seguridad y salud de los empleados de la organizaci\u00f3n y otras partes interesadas.<\/li><\/ul>\n\n\n\n<p>Estos principios son asumidos por la Direcci\u00f3n, quien dispone los medios necesarios y dota a sus empleados de los recursos suficientes para su cumplimiento, plasm\u00e1ndolos y poni\u00e9ndolos en p\u00fablico conocimiento a trav\u00e9s de la presente Pol\u00edtica de Seguridad y Salud en el Trabajo.<\/p>\n","protected":false},"excerpt":{"rendered":"<p>RBZ ROBOT DESIGN manifiesta abiertamente su intenci\u00f3n de proteger a todos sus empleados, subcontratistas y el ambiente del trabajo a trav\u00e9s de la prevenci\u00f3n de incidentes y accidentes de trabajo y enfermedades laborales. De igual manera, la Direcci\u00f3n propondr\u00e1 un ambiente laboral seguro en cada uno de los servicios que ofrece mediante la identificaci\u00f3n de [&hellip;]<\/p>\n","protected":false},"author":1,"featured_media":0,"parent":0,"menu_order":0,"comment_status":"closed","ping_status":"closed","template":"","meta":{"_acf_changed":false,"footnotes":""},"class_list":["post-1893","page","type-page","status-publish","hentry","odd"],"acf":[],"_links":{"self":[{"href":"https:\/\/www.rbz.es\/es\/wp-json\/wp\/v2\/pages\/1893","targetHints":{"allow":["GET"]}}],"collection":[{"href":"https:\/\/www.rbz.es\/es\/wp-json\/wp\/v2\/pages"}],"about":[{"href":"https:\/\/www.rbz.es\/es\/wp-json\/wp\/v2\/types\/page"}],"author":[{"embeddable":true,"href":"https:\/\/www.rbz.es\/es\/wp-json\/wp\/v2\/users\/1"}],"replies":[{"embeddable":true,"href":"https:\/\/www.rbz.es\/es\/wp-json\/wp\/v2\/comments?post=1893"}],"version-history":[{"count":1,"href":"https:\/\/www.rbz.es\/es\/wp-json\/wp\/v2\/pages\/1893\/revisions"}],"predecessor-version":[{"id":2034,"href":"https:\/\/www.rbz.es\/es\/wp-json\/wp\/v2\/pages\/1893\/revisions\/2034"}],"wp:attachment":[{"href":"https:\/\/www.rbz.es\/es\/wp-json\/wp\/v2\/media?parent=1893"}],"curies":[{"name":"wp","href":"https:\/\/api.w.org\/{rel}","templated":true}]}}