{"id":1921,"date":"2023-01-26T11:10:32","date_gmt":"2023-01-26T10:10:32","guid":{"rendered":"https:\/\/www.rbz.es\/?page_id=1921"},"modified":"2026-02-20T12:23:36","modified_gmt":"2026-02-20T11:23:36","slug":"politica-idi","status":"publish","type":"page","link":"https:\/\/www.rbz.es\/es\/politica-idi\/","title":{"rendered":"Pol\u00edtica de I+D+i"},"content":{"rendered":"\n<p>RBZ ROBOT DESIGN S.L es una empresa especializada en el dise\u00f1o, desarrollo, fabricaci\u00f3n y producci\u00f3n de software, hardware, tarjetas y equipos electr\u00f3nicos.<\/p>\n\n\n\n<p>Por ello, RBZ ROBOT DESIGN S.L desarrolla e implanta un Sistema de Gesti\u00f3n de la I+D+i en conformidad con los requisitos de la norma UNE 166002:2021, y adopta esta Pol\u00edtica que representa el compromiso de:<\/p>\n\n\n\n<ul class=\"wp-block-list\"><li>Cumplir con los requisitos de la norma UNE 166002:2021 y practicar la mejora continua del Sistema de Gesti\u00f3n de la I+D+i a trav\u00e9s de acciones sistem\u00e1ticas de medici\u00f3n, seguimiento y an\u00e1lisis.<\/li><li>Adecuarse al prop\u00f3sito estrat\u00e9gico de RBZ ROBOT DESIGN S.L, as\u00ed como a los Objetivos de I+D+i. Estos objetivos se establecer\u00e1n anualmente, dentro del proceso de mejora continua.<\/li><li>Cumplir con la normativa aplicable, especialmente con aquella directamente relacionada con la propiedad intelectual e industrial, as\u00ed como con los compromisos asumidos a trav\u00e9s de convenios y acuerdos con centros de investigaci\u00f3n que colaboren con RBZ ROBOT DESIGN S.L en actividades de innovaci\u00f3n.<\/li><li>Transmitir la cultura innovadora a todo el personal, desarrollando ambientes de trabajo motivadores que favorezcan y estimulen la generaci\u00f3n de ideas y las pr\u00e1cticas innovadoras, asumiendo el riesgo y reconociendo las aportaciones creativas. Promover, asimismo, la divulgaci\u00f3n interna del conocimiento generado, favoreciendo, con ello, la generaci\u00f3n de un entrono \u00f3ptimo para la creatividad y la discusi\u00f3n cient\u00edfica.<\/li><li>Fomentar, entre los profesionales de la empresa, la mejora y la eficiencia en la gesti\u00f3n y la b\u00fasqueda de oportunidades de negocio que satisfagan las nuevas demandas de los clientes y de la sociedad en general. Potenciando, de esta manera, aquellas innovaciones que generen valor a\u00f1adido para sus clientes, sus empleados, el resto de grupos de inter\u00e9s y para la sociedad en su conjunto.<\/li><li>Promover la formaci\u00f3n y el estudio como \u00fanico medio para participar en los proyectos de investigaci\u00f3n, desarrollo tecnol\u00f3gico e innovaci\u00f3n. Potenciar las acciones de vigilancia tecnol\u00f3gica que permita, a los grupos de investigaci\u00f3n de RBZ ROBOT DESIGN S.L, identificar preguntas de investigaci\u00f3n y necesidades en su campo de trabajo para dar lugar a nuevos proyectos que contribuyan a mejorar la calidad de vida de los ciudadanos.<\/li><\/ul>\n\n\n\n<p>La Direcci\u00f3n de RBZ ROBOT DESIGN S.L se compromete a proporcionar los recursos necesarios para un mantenimiento eficaz del Sistema de Gesti\u00f3n de I+D+i implantado.<\/p>\n","protected":false},"excerpt":{"rendered":"<p>RBZ ROBOT DESIGN S.L es una empresa especializada en el dise\u00f1o, desarrollo, fabricaci\u00f3n y producci\u00f3n de software, hardware, tarjetas y equipos electr\u00f3nicos. Por ello, RBZ ROBOT DESIGN S.L desarrolla e implanta un Sistema de Gesti\u00f3n de la I+D+i en conformidad con los requisitos de la norma UNE 166002:2021, y adopta esta Pol\u00edtica que representa el [&hellip;]<\/p>\n","protected":false},"author":1,"featured_media":0,"parent":0,"menu_order":0,"comment_status":"closed","ping_status":"closed","template":"","meta":{"_acf_changed":false,"footnotes":""},"class_list":["post-1921","page","type-page","status-publish","hentry","odd"],"acf":[],"_links":{"self":[{"href":"https:\/\/www.rbz.es\/es\/wp-json\/wp\/v2\/pages\/1921","targetHints":{"allow":["GET"]}}],"collection":[{"href":"https:\/\/www.rbz.es\/es\/wp-json\/wp\/v2\/pages"}],"about":[{"href":"https:\/\/www.rbz.es\/es\/wp-json\/wp\/v2\/types\/page"}],"author":[{"embeddable":true,"href":"https:\/\/www.rbz.es\/es\/wp-json\/wp\/v2\/users\/1"}],"replies":[{"embeddable":true,"href":"https:\/\/www.rbz.es\/es\/wp-json\/wp\/v2\/comments?post=1921"}],"version-history":[{"count":1,"href":"https:\/\/www.rbz.es\/es\/wp-json\/wp\/v2\/pages\/1921\/revisions"}],"predecessor-version":[{"id":2033,"href":"https:\/\/www.rbz.es\/es\/wp-json\/wp\/v2\/pages\/1921\/revisions\/2033"}],"wp:attachment":[{"href":"https:\/\/www.rbz.es\/es\/wp-json\/wp\/v2\/media?parent=1921"}],"curies":[{"name":"wp","href":"https:\/\/api.w.org\/{rel}","templated":true}]}}