{"id":3,"date":"2018-11-06T15:45:45","date_gmt":"2018-11-06T15:45:45","guid":{"rendered":"http:\/\/www.rbz.es\/?page_id=3"},"modified":"2026-02-13T12:42:05","modified_gmt":"2026-02-13T11:42:05","slug":"politica-privacidad","status":"publish","type":"page","link":"https:\/\/www.rbz.es\/es\/politica-privacidad\/","title":{"rendered":"Pol\u00edtica de privacidad"},"content":{"rendered":"\n<p><strong>INFORMACI\u00d3N BASICA SOBRE PROTECCION DE DATOS DE CAR\u00c1CTER PERSONAL<\/strong><\/p>\n\n\n\n<p><strong>En cumplimiento del Reglamento General de Protecci\u00f3n de Datos- art\u00edculos 13 y 14- y en relaci\u00f3n a los datos personales que va a proporcionar se informa al interesado de los siguientes extremos:<\/strong><\/p>\n\n\n\n<p><strong>Responsable:<\/strong> RBZ ROBOT DESIGN S.L. (<a href=\"https:\/\/www.rbz.es\/es\/politica-privacidad\/#responsable\">+ info<\/a>)<\/p>\n\n\n\n<p><strong>Finalidades:<\/strong> Gesti\u00f3n comercial (<a href=\"https:\/\/www.rbz.es\/es\/politica-privacidad\/#finalidad\">+info<\/a>)<\/p>\n\n\n\n<p><strong>Legitimaci\u00f3n<\/strong>: Ejecuci\u00f3n de un contrato (<a href=\"https:\/\/www.rbz.es\/es\/politica-privacidad\/#legitimacion\">+info<\/a>)<\/p>\n\n\n\n<p><strong>Destinatarios<\/strong>(cesiones\/transferencias): Otras Empresas del Grupo, Bancos y Entidades financieras (<a href=\"https:\/\/www.rbz.es\/es\/politica-privacidad\/#destinatarios\">+info<\/a>)<\/p>\n\n\n\n<p><strong>Derechos<\/strong>: Acceso, rectificaci\u00f3n, supresi\u00f3n de datos, portabilidad, oposici\u00f3n y limitaci\u00f3n al tratamiento (<a href=\"https:\/\/www.rbz.es\/es\/politica-privacidad\/#derechos\">+info<\/a>)<\/p>\n\n\n\n<h2 class=\"wp-block-heading\">Responsable<\/h2>\n\n\n\n<figure class=\"wp-block-table\"><table><tbody><tr><td>Nombre\/denominaci\u00f3n social<\/td><td>RBZ Robot Design SL<\/td><\/tr><tr><td>CIF<\/td><td>B-83844878<\/td><\/tr><tr><td>Direcci\u00f3n Postal<\/td><td>c\/ Casas de Miravete 24, 28031 Madrid<\/td><\/tr><tr><td>Tel\u00e9fono<\/td><td>91 678 14 63<\/td><\/tr><tr><td>Correo electr\u00f3nico<\/td><td>info@rbz.es<\/td><\/tr><\/tbody><\/table><\/figure>\n\n\n\n<h2 class=\"wp-block-heading\">Finalidad<\/h2>\n\n\n\n<p>Trataremos sus datos con el fin de gestionar el contacto que ha realizado a trav\u00e9s de la web del responsable. Si realiza un pedido las finalidades del tratamiento de sus datos ser\u00e1n la ejecuci\u00f3n del contrato perfeccionado, desde su encargo, entrega, cobro y cuantas gestiones sean necesarias para su buen fin.<\/p>\n\n\n\n<p>Sus datos personales ser\u00e1n almacenamos en la medida en que se necesiten a fin de poder utilizarla seg\u00fan la finalidad por la que fue recabada, y seg\u00fan la base jur\u00eddica del tratamiento de la misma de conformidad con la ley aplicable. Sus datos se mantendr\u00e1n mientras exista una relaci\u00f3n contractual y\/o comercial con usted, o mientras usted no ejerza su derecho de supresi\u00f3n, cancelaci\u00f3n y\/o limitaci\u00f3n del tratamiento de sus datos. En estos casos, se bloquear\u00e1n los datos, sin darle ning\u00fan uso, mientras pueda ser necesaria para el ejercicio o defensa de reclamaciones o pueda derivarse alg\u00fan tipo de responsabilidad judicial, legal o contractual de su tratamiento, que deba ser atendida y para lo cual sea necesaria su recuperaci\u00f3n.<\/p>\n\n\n\n<h2 class=\"wp-block-heading\">Legitimaci\u00f3n<\/h2>\n\n\n\n<p>La base jur\u00eddica del tratamiento -legitimaci\u00f3n- es gestionar el contacto remitido y\/o la ejecuci\u00f3n del contrato en el que el interesado es parte y que ha sido remitido\/perfeccionado a trav\u00e9s de la web www.rbz.es, prestando su consentimiento al enviar el formulario de contacto<\/p>\n\n\n\n<h2 class=\"wp-block-heading\">Destinatarios<\/h2>\n\n\n\n<p>Los datos se comunicar\u00e1n a otras Empresas del Grupo empresarial para fines administrativos internos, as\u00ed como a Bancos y entidades financieras que gestionan el cobro del pedido realizado por el interesado. No se realizan transferencias internacionales de datos.<\/p>\n\n\n\n<h2 class=\"wp-block-heading\">Derechos<\/h2>\n\n\n\n<p>Cualquier interesado tiene derecho a obtener confirmaci\u00f3n sobre si tratamos datos personales que le conciernen o no. De igual modo a acceder a sus datos personales y a obtener una copia de los datos personales objeto del tratamiento, a su actualizaci\u00f3n, as\u00ed como a solicitar la rectificaci\u00f3n de los datos inexactos o, en su caso, solicitar su supresi\u00f3n cuanto, entre otros motivos, no resulten necesarios para los fines para los que fueron recogidos. En los supuestos recogidos en el art\u00edculo 18 del RGPD podr\u00e1n solicitar la limitaci\u00f3n del tratamiento de sus datos en cuyo caso \u00fanicamente los conservaremos para el ejercicio o la defensa de reclamaciones. Tambi\u00e9n ostenta el interesado el derecho a la supresi\u00f3n u oposici\u00f3n al tratamiento de datos personales en el entorno on line- <em>derecho al olvido<\/em>-.<\/p>\n\n\n\n<p>El interesado podr\u00e1 oponerse al tratamiento de sus datos con fines de mercadotecnia- incluida la elaboraci\u00f3n de perfiles-.<br>El ejercicio de dichos derechos podr\u00e1 ser ejercido mediante escrito dirigido a la direcci\u00f3n postal o correo electr\u00f3nico que consta en los datos del Responsable del tratamiento.<\/p>\n\n\n\n<p>Si considera que no se ha atendido en debida forma sus derechos podr\u00e1 presentar una reclamaci\u00f3n ante la Agencia Espa\u00f1ola de Protecci\u00f3n de Datos, cuyos datos de contacto son: Tel\u00e9fono: 901 100 099\/912663517<br>Direcci\u00f3n postal: calle Jorge Juan 6, 28001, Madrid.<\/p>\n\n\n\n<p>P\u00e1gina Web: www.agpd.es.<\/p>\n","protected":false},"excerpt":{"rendered":"<p>INFORMACI\u00d3N BASICA SOBRE PROTECCION DE DATOS DE CAR\u00c1CTER PERSONAL En cumplimiento del Reglamento General de Protecci\u00f3n de Datos- art\u00edculos 13 y 14- y en relaci\u00f3n a los datos personales que va a proporcionar se informa al interesado de los siguientes extremos: Responsable: RBZ ROBOT DESIGN S.L. (+ info) Finalidades: Gesti\u00f3n comercial (+info) Legitimaci\u00f3n: Ejecuci\u00f3n de [&hellip;]<\/p>\n","protected":false},"author":1,"featured_media":0,"parent":0,"menu_order":0,"comment_status":"closed","ping_status":"open","template":"","meta":{"_acf_changed":false,"footnotes":""},"class_list":["post-3","page","type-page","status-publish","hentry","odd"],"acf":[],"_links":{"self":[{"href":"https:\/\/www.rbz.es\/es\/wp-json\/wp\/v2\/pages\/3","targetHints":{"allow":["GET"]}}],"collection":[{"href":"https:\/\/www.rbz.es\/es\/wp-json\/wp\/v2\/pages"}],"about":[{"href":"https:\/\/www.rbz.es\/es\/wp-json\/wp\/v2\/types\/page"}],"author":[{"embeddable":true,"href":"https:\/\/www.rbz.es\/es\/wp-json\/wp\/v2\/users\/1"}],"replies":[{"embeddable":true,"href":"https:\/\/www.rbz.es\/es\/wp-json\/wp\/v2\/comments?post=3"}],"version-history":[{"count":1,"href":"https:\/\/www.rbz.es\/es\/wp-json\/wp\/v2\/pages\/3\/revisions"}],"predecessor-version":[{"id":2027,"href":"https:\/\/www.rbz.es\/es\/wp-json\/wp\/v2\/pages\/3\/revisions\/2027"}],"wp:attachment":[{"href":"https:\/\/www.rbz.es\/es\/wp-json\/wp\/v2\/media?parent=3"}],"curies":[{"name":"wp","href":"https:\/\/api.w.org\/{rel}","templated":true}]}}