{"id":955,"date":"2019-01-09T13:51:01","date_gmt":"2019-01-09T13:51:01","guid":{"rendered":"http:\/\/www.rbz.es\/servicios\/specifications\/"},"modified":"2026-02-20T13:36:46","modified_gmt":"2026-02-20T12:36:46","slug":"especificaciones","status":"publish","type":"page","link":"https:\/\/www.rbz.es\/es\/servicios\/especificaciones\/","title":{"rendered":"Especificaciones"},"content":{"rendered":"\n<p>Es una de las partes m\u00e1s importantes del dise\u00f1o y cualquier error en este proceso puede implicar retrasos y por tanto sanciones econ\u00f3micas.<\/p>\n\n\n\n<p>Podemos ayudar con la creaci\u00f3n de las especificaciones proponiendo arquitecturas que puedan ajustarse a sus necesidades. Este servicio se basa principalmente en:<\/p>\n\n\n\n<ul class=\"wp-block-list\"><li>Funcionalidad<\/li><li>Limitaciones mec\u00e1nicas<\/li><li>Restricciones presupuestarias<\/li><li>Limitaciones ambientales<\/li><li>Normas aplicables<\/li><li>Producci\u00f3n anual<\/li><\/ul>\n\n\n\n<p>Se crea y se acuerda con el cliente un documento que recoja todos los requisitos y la arquitectura del sistema. Esta es la base para el dise\u00f1o de su producto.<\/p>\n","protected":false},"excerpt":{"rendered":"<p>Es una de las partes m\u00e1s importantes del dise\u00f1o y cualquier error en este proceso puede implicar retrasos y por tanto sanciones econ\u00f3micas. Podemos ayudar con la creaci\u00f3n de las especificaciones proponiendo arquitecturas que puedan ajustarse a sus necesidades. Este servicio se basa principalmente en: Funcionalidad Limitaciones mec\u00e1nicas Restricciones presupuestarias Limitaciones ambientales Normas aplicables Producci\u00f3n [&hellip;]<\/p>\n","protected":false},"author":1,"featured_media":0,"parent":863,"menu_order":1,"comment_status":"closed","ping_status":"closed","template":"template-service.php","meta":{"_acf_changed":false,"footnotes":""},"class_list":["post-955","page","type-page","status-publish","hentry","odd"],"acf":[],"_links":{"self":[{"href":"https:\/\/www.rbz.es\/es\/wp-json\/wp\/v2\/pages\/955","targetHints":{"allow":["GET"]}}],"collection":[{"href":"https:\/\/www.rbz.es\/es\/wp-json\/wp\/v2\/pages"}],"about":[{"href":"https:\/\/www.rbz.es\/es\/wp-json\/wp\/v2\/types\/page"}],"author":[{"embeddable":true,"href":"https:\/\/www.rbz.es\/es\/wp-json\/wp\/v2\/users\/1"}],"replies":[{"embeddable":true,"href":"https:\/\/www.rbz.es\/es\/wp-json\/wp\/v2\/comments?post=955"}],"version-history":[{"count":1,"href":"https:\/\/www.rbz.es\/es\/wp-json\/wp\/v2\/pages\/955\/revisions"}],"predecessor-version":[{"id":2041,"href":"https:\/\/www.rbz.es\/es\/wp-json\/wp\/v2\/pages\/955\/revisions\/2041"}],"up":[{"embeddable":true,"href":"https:\/\/www.rbz.es\/es\/wp-json\/wp\/v2\/pages\/863"}],"wp:attachment":[{"href":"https:\/\/www.rbz.es\/es\/wp-json\/wp\/v2\/media?parent=955"}],"curies":[{"name":"wp","href":"https:\/\/api.w.org\/{rel}","templated":true}]}}