{"id":960,"date":"2019-01-09T13:51:39","date_gmt":"2019-01-09T13:51:39","guid":{"rendered":"http:\/\/www.rbz.es\/servicios\/design\/"},"modified":"2026-02-20T13:37:42","modified_gmt":"2026-02-20T12:37:42","slug":"diseno","status":"publish","type":"page","link":"https:\/\/www.rbz.es\/es\/servicios\/diseno\/","title":{"rendered":"Dise\u00f1o"},"content":{"rendered":"\n<p>Hay cuatro procesos b\u00e1sicos para crear el hardware de un sistema electr\u00f3nico:<\/p>\n\n\n\n<ul class=\"wp-block-list\"><li>SIMULACI\u00d3N &#8211; Los dise\u00f1os que implican circuitos anal\u00f3gicos y\/o RF deben simularse primero para lograr de esta manera mejores resultados en el primer prototipo. La simulaci\u00f3n reduce riesgos asociados con costes y plazos.<\/li><li>DISE\u00d1O DE ESQUEM\u00c1TICOS &#8211; Desde hace 10 a\u00f1os nuestra herramienta principal de trabajo es Altium Designer. RBZ hace que los dise\u00f1os sean m\u00e1s r\u00e1pidos y fiables mediante la reutilizaci\u00f3n de piezas y circuitos ya probados en otros dise\u00f1os.<\/li><li>DISE\u00d1O DE PCB &#8211; Altium es tambi\u00e9n la herramienta CAD que utilizan nuestros ingenieros. Poseemos experiencia en el dise\u00f1o con buses de alta velocidad, como PCIe o DDR3, dise\u00f1os anal\u00f3gicos de bajo ruido, circuitos RF y dise\u00f1os con integridad de potencia.<\/li><li>FABRICACI\u00d3N DE PROTOTIPOS &#8211; Nuestro departamento de producci\u00f3n cuenta con el equipo y la capacidad para construir prototipos de alta calidad en un tiempo muy corto.<\/li><\/ul>\n","protected":false},"excerpt":{"rendered":"<p>Hay cuatro procesos b\u00e1sicos para crear el hardware de un sistema electr\u00f3nico: SIMULACI\u00d3N &#8211; Los dise\u00f1os que implican circuitos anal\u00f3gicos y\/o RF deben simularse primero para lograr de esta manera mejores resultados en el primer prototipo. La simulaci\u00f3n reduce riesgos asociados con costes y plazos. DISE\u00d1O DE ESQUEM\u00c1TICOS &#8211; Desde hace 10 a\u00f1os nuestra herramienta [&hellip;]<\/p>\n","protected":false},"author":1,"featured_media":0,"parent":863,"menu_order":2,"comment_status":"closed","ping_status":"closed","template":"template-service.php","meta":{"_acf_changed":false,"footnotes":""},"class_list":["post-960","page","type-page","status-publish","hentry","odd"],"acf":[],"_links":{"self":[{"href":"https:\/\/www.rbz.es\/es\/wp-json\/wp\/v2\/pages\/960","targetHints":{"allow":["GET"]}}],"collection":[{"href":"https:\/\/www.rbz.es\/es\/wp-json\/wp\/v2\/pages"}],"about":[{"href":"https:\/\/www.rbz.es\/es\/wp-json\/wp\/v2\/types\/page"}],"author":[{"embeddable":true,"href":"https:\/\/www.rbz.es\/es\/wp-json\/wp\/v2\/users\/1"}],"replies":[{"embeddable":true,"href":"https:\/\/www.rbz.es\/es\/wp-json\/wp\/v2\/comments?post=960"}],"version-history":[{"count":1,"href":"https:\/\/www.rbz.es\/es\/wp-json\/wp\/v2\/pages\/960\/revisions"}],"predecessor-version":[{"id":2042,"href":"https:\/\/www.rbz.es\/es\/wp-json\/wp\/v2\/pages\/960\/revisions\/2042"}],"up":[{"embeddable":true,"href":"https:\/\/www.rbz.es\/es\/wp-json\/wp\/v2\/pages\/863"}],"wp:attachment":[{"href":"https:\/\/www.rbz.es\/es\/wp-json\/wp\/v2\/media?parent=960"}],"curies":[{"name":"wp","href":"https:\/\/api.w.org\/{rel}","templated":true}]}}