{"id":965,"date":"2019-01-09T13:52:06","date_gmt":"2019-01-09T13:52:06","guid":{"rendered":"http:\/\/www.rbz.es\/servicios\/programming\/"},"modified":"2026-02-20T13:38:32","modified_gmt":"2026-02-20T12:38:32","slug":"programacion","status":"publish","type":"page","link":"https:\/\/www.rbz.es\/es\/servicios\/programacion\/","title":{"rendered":"Programaci\u00f3n"},"content":{"rendered":"\n<p>El software es el combustible que hace que el hardware funcione como un motor. Existen m\u00faltiples componentes en los dise\u00f1os que requieren programaci\u00f3n, no s\u00f3lo el microprocesador, sino tambi\u00e9n los DSPs, CPLDs y FPGAs. Los sistemas multiprocesador son en la actualidad muy comunes en aplicaciones industriales, como las arquitecturas del SOC con CPU+DSP o CPU+FPGA. Es muy importante saber c\u00f3mo programar estas piezas, pero tambi\u00e9n c\u00f3mo comunicar procesos entre ellas, creando sistemas de computaci\u00f3n paralela. RBZ ofrece los siguientes servicios:<\/p>\n\n\n\n<ul class=\"wp-block-list\"><li>SISTEMA OPERATIVO &#8211; El uso de sistemas operativos en sistemas embebidos tiene muchas ventajas tanto en funcionalidad como mantenibilidad. Trabajamos con una amplia gama de sistemas operativos, desde RTOS de peque\u00f1o tama\u00f1o hasta sistemas operativos de alto rendimiento.<\/li><li>BOARD SUPPORT PACKAGE &#8211; Es el pegamento entre la aplicaci\u00f3n y el hardware real. En cada dise\u00f1o, se crea un BSP que incluye los controladores necesarios para gestionar todos los recursos del sistema.<\/li><li>APLICACI\u00d3N &#8211; Esta es la \u00faltima parte para tener un producto completo, y por lo general la m\u00e1s compleja. Tenemos experiencia en aplicaciones integradas que implican control del motor, adquisici\u00f3n de sensor, comunicaciones, interfaces gr\u00e1ficas de usuario y algoritmos complejos.<\/li><li>FIRMWARE FPGA &#8211; Las FPGA son piezas muy importantes que pueden ahorrar tiempo de procesamiento a las CPU cuando hay muchas cosas que hacer en paralelo. Nuestros ingenieros son expertos en dise\u00f1o VHDL, capaces de crear desde nuevos perif\u00e9ricos a complejos algoritmos optimizados para ejecutarse en FPGA.<\/li><\/ul>\n","protected":false},"excerpt":{"rendered":"<p>El software es el combustible que hace que el hardware funcione como un motor. Existen m\u00faltiples componentes en los dise\u00f1os que requieren programaci\u00f3n, no s\u00f3lo el microprocesador, sino tambi\u00e9n los DSPs, CPLDs y FPGAs. Los sistemas multiprocesador son en la actualidad muy comunes en aplicaciones industriales, como las arquitecturas del SOC con CPU+DSP o CPU+FPGA. [&hellip;]<\/p>\n","protected":false},"author":1,"featured_media":0,"parent":863,"menu_order":3,"comment_status":"closed","ping_status":"closed","template":"template-service.php","meta":{"_acf_changed":false,"footnotes":""},"class_list":["post-965","page","type-page","status-publish","hentry","odd"],"acf":[],"_links":{"self":[{"href":"https:\/\/www.rbz.es\/es\/wp-json\/wp\/v2\/pages\/965","targetHints":{"allow":["GET"]}}],"collection":[{"href":"https:\/\/www.rbz.es\/es\/wp-json\/wp\/v2\/pages"}],"about":[{"href":"https:\/\/www.rbz.es\/es\/wp-json\/wp\/v2\/types\/page"}],"author":[{"embeddable":true,"href":"https:\/\/www.rbz.es\/es\/wp-json\/wp\/v2\/users\/1"}],"replies":[{"embeddable":true,"href":"https:\/\/www.rbz.es\/es\/wp-json\/wp\/v2\/comments?post=965"}],"version-history":[{"count":1,"href":"https:\/\/www.rbz.es\/es\/wp-json\/wp\/v2\/pages\/965\/revisions"}],"predecessor-version":[{"id":2043,"href":"https:\/\/www.rbz.es\/es\/wp-json\/wp\/v2\/pages\/965\/revisions\/2043"}],"up":[{"embeddable":true,"href":"https:\/\/www.rbz.es\/es\/wp-json\/wp\/v2\/pages\/863"}],"wp:attachment":[{"href":"https:\/\/www.rbz.es\/es\/wp-json\/wp\/v2\/media?parent=965"}],"curies":[{"name":"wp","href":"https:\/\/api.w.org\/{rel}","templated":true}]}}