{"id":971,"date":"2019-01-09T13:52:26","date_gmt":"2019-01-09T13:52:26","guid":{"rendered":"http:\/\/www.rbz.es\/servicios\/integration\/"},"modified":"2026-02-20T13:39:55","modified_gmt":"2026-02-20T12:39:55","slug":"integration","status":"publish","type":"page","link":"https:\/\/www.rbz.es\/es\/servicios\/integration\/","title":{"rendered":"Integraci\u00f3n"},"content":{"rendered":"\n<p>Un sistema es un conjunto de subsistemas que cooperan para poder ofrecer la funcionalidad global. <br> La mayor\u00eda de los productos electr\u00f3nicos dise\u00f1ados por RBZ son parte de un sistema m\u00e1s grande, y es necesario integrarlos todos con el fin de hacer que funcione sin problemas. <br> Se necesitan importantes habilidades para lograr el objetivo en un tiempo aceptable.<\/p>\n\n\n\n<ul class=\"wp-block-list\"><li>VISI\u00d3N GLOBAL &#8211; Nuestros ingenieros est\u00e1n acostumbrados a dise\u00f1ar muchos productos diferentes en distintos mercados, lo cual es un factor muy valioso que reduce el tiempo de resoluci\u00f3n de problemas de la interfaz.<\/li><li>CONOCIMIENTO DE HW y SW &#8211; Algunos de nuestros ingenieros tienen un profundo conocimiento de HW y SW, lo cual es importante para poder tener una visi\u00f3n global y reducir el tiempo de resoluci\u00f3n de problemas.<\/li><li>HABILIDADES PARA RESOLVER PROBLEMAS &#8211; RBZ selecciona su personal t\u00e9cnico juzgando su capacidad para resolver problemas<\/li><\/ul>\n","protected":false},"excerpt":{"rendered":"<p>Un sistema es un conjunto de subsistemas que cooperan para poder ofrecer la funcionalidad global. La mayor\u00eda de los productos electr\u00f3nicos dise\u00f1ados por RBZ son parte de un sistema m\u00e1s grande, y es necesario integrarlos todos con el fin de hacer que funcione sin problemas. Se necesitan importantes habilidades para lograr el objetivo en un [&hellip;]<\/p>\n","protected":false},"author":1,"featured_media":0,"parent":863,"menu_order":4,"comment_status":"closed","ping_status":"closed","template":"template-service.php","meta":{"_acf_changed":false,"footnotes":""},"class_list":["post-971","page","type-page","status-publish","hentry","odd"],"acf":[],"_links":{"self":[{"href":"https:\/\/www.rbz.es\/es\/wp-json\/wp\/v2\/pages\/971","targetHints":{"allow":["GET"]}}],"collection":[{"href":"https:\/\/www.rbz.es\/es\/wp-json\/wp\/v2\/pages"}],"about":[{"href":"https:\/\/www.rbz.es\/es\/wp-json\/wp\/v2\/types\/page"}],"author":[{"embeddable":true,"href":"https:\/\/www.rbz.es\/es\/wp-json\/wp\/v2\/users\/1"}],"replies":[{"embeddable":true,"href":"https:\/\/www.rbz.es\/es\/wp-json\/wp\/v2\/comments?post=971"}],"version-history":[{"count":1,"href":"https:\/\/www.rbz.es\/es\/wp-json\/wp\/v2\/pages\/971\/revisions"}],"predecessor-version":[{"id":2045,"href":"https:\/\/www.rbz.es\/es\/wp-json\/wp\/v2\/pages\/971\/revisions\/2045"}],"up":[{"embeddable":true,"href":"https:\/\/www.rbz.es\/es\/wp-json\/wp\/v2\/pages\/863"}],"wp:attachment":[{"href":"https:\/\/www.rbz.es\/es\/wp-json\/wp\/v2\/media?parent=971"}],"curies":[{"name":"wp","href":"https:\/\/api.w.org\/{rel}","templated":true}]}}