{"id":975,"date":"2019-01-09T13:54:25","date_gmt":"2019-01-09T13:54:25","guid":{"rendered":"http:\/\/www.rbz.es\/servicios\/qualification\/"},"modified":"2026-02-20T13:41:24","modified_gmt":"2026-02-20T12:41:24","slug":"calificacion","status":"publish","type":"page","link":"https:\/\/www.rbz.es\/es\/servicios\/calificacion\/","title":{"rendered":"Calificaci\u00f3n"},"content":{"rendered":"\n<p>Los diferentes mercados y pa\u00edses tienen diferentes procesos de calificaci\u00f3n. Tenemos en cuenta el cumplimiento con las diferentes normativas desde el principio del dise\u00f1o. <br> Tambi\u00e9n ofrecemos estos servicios:<\/p>\n\n\n\n<ul class=\"wp-block-list\"><li>NOS OCUPAMOS DEL PROCESO DE CALIFICACI\u00d3N &#8211; El cliente contrata el laboratorio de certificaci\u00f3n y nosotros podemos ayudarle en el laboratorio. Puede tener la seguridad de que haremos todos los cambios necesarios en el dise\u00f1o hasta que apruebe el proceso de calificaci\u00f3n. Este servicio se ofrece tambi\u00e9n para equipos no dise\u00f1ados por RBZ.<\/li><li>MARCADO  &#8211; Estamos familiarizados con CE, IEC, FCC, EN50155, pero si necesita algo nuevo, podemos adaptarnos seg\u00fan sea necesario.<\/li><li>EQUIPOS DE PRUEBAS &#8211; Durante el proceso de calificaci\u00f3n, a menudo suelen ser necesarios sistemas de pruebas externos para verificar el funcionamiento normal del sistema. Podemos construirlos incluyendo los cableados.<\/li><\/ul>\n","protected":false},"excerpt":{"rendered":"<p>Los diferentes mercados y pa\u00edses tienen diferentes procesos de calificaci\u00f3n. Tenemos en cuenta el cumplimiento con las diferentes normativas desde el principio del dise\u00f1o. Tambi\u00e9n ofrecemos estos servicios: NOS OCUPAMOS DEL PROCESO DE CALIFICACI\u00d3N &#8211; El cliente contrata el laboratorio de certificaci\u00f3n y nosotros podemos ayudarle en el laboratorio. Puede tener la seguridad de que [&hellip;]<\/p>\n","protected":false},"author":1,"featured_media":0,"parent":863,"menu_order":5,"comment_status":"closed","ping_status":"closed","template":"template-service.php","meta":{"_acf_changed":false,"footnotes":""},"class_list":["post-975","page","type-page","status-publish","hentry","odd"],"acf":[],"_links":{"self":[{"href":"https:\/\/www.rbz.es\/es\/wp-json\/wp\/v2\/pages\/975","targetHints":{"allow":["GET"]}}],"collection":[{"href":"https:\/\/www.rbz.es\/es\/wp-json\/wp\/v2\/pages"}],"about":[{"href":"https:\/\/www.rbz.es\/es\/wp-json\/wp\/v2\/types\/page"}],"author":[{"embeddable":true,"href":"https:\/\/www.rbz.es\/es\/wp-json\/wp\/v2\/users\/1"}],"replies":[{"embeddable":true,"href":"https:\/\/www.rbz.es\/es\/wp-json\/wp\/v2\/comments?post=975"}],"version-history":[{"count":1,"href":"https:\/\/www.rbz.es\/es\/wp-json\/wp\/v2\/pages\/975\/revisions"}],"predecessor-version":[{"id":2047,"href":"https:\/\/www.rbz.es\/es\/wp-json\/wp\/v2\/pages\/975\/revisions\/2047"}],"up":[{"embeddable":true,"href":"https:\/\/www.rbz.es\/es\/wp-json\/wp\/v2\/pages\/863"}],"wp:attachment":[{"href":"https:\/\/www.rbz.es\/es\/wp-json\/wp\/v2\/media?parent=975"}],"curies":[{"name":"wp","href":"https:\/\/api.w.org\/{rel}","templated":true}]}}