{"id":979,"date":"2019-01-09T13:54:48","date_gmt":"2019-01-09T13:54:48","guid":{"rendered":"http:\/\/www.rbz.es\/servicios\/production\/"},"modified":"2026-02-20T13:42:44","modified_gmt":"2026-02-20T12:42:44","slug":"production","status":"publish","type":"page","link":"https:\/\/www.rbz.es\/es\/servicios\/production\/","title":{"rendered":"Producci\u00f3n"},"content":{"rendered":"\n<p>Nos encargamos de la fabricaci\u00f3n, la inspecci\u00f3n, las pruebas y el embalaje, con el valor a\u00f1adido de haber participado en el dise\u00f1o del equipo. Su producto finalmente est\u00e1 listo para la venta.<\/p>\n\n\n\n<p>RBZ tiene sus propias instalaciones de producci\u00f3n.<\/p>\n\n\n\n<p>La producci\u00f3n incluye:<\/p>\n\n\n\n<ul class=\"wp-block-list\"><li>Montaje de la tarjeta<\/li><li>Inspecci\u00f3n visual<\/li><li>Prueba de la tarjeta<\/li><li>Reparaci\u00f3n de la tarjeta<\/li><li>Montaje del sistema<\/li><li>Pruebas del sistema<\/li><\/ul>\n\n\n\n<p><\/p>\n","protected":false},"excerpt":{"rendered":"<p>Nos encargamos de la fabricaci\u00f3n, la inspecci\u00f3n, las pruebas y el embalaje, con el valor a\u00f1adido de haber participado en el dise\u00f1o del equipo. Su producto finalmente est\u00e1 listo para la venta. RBZ tiene sus propias instalaciones de producci\u00f3n. La producci\u00f3n incluye: Montaje de la tarjeta Inspecci\u00f3n visual Prueba de la tarjeta Reparaci\u00f3n de la [&hellip;]<\/p>\n","protected":false},"author":1,"featured_media":0,"parent":863,"menu_order":6,"comment_status":"closed","ping_status":"closed","template":"template-service.php","meta":{"_acf_changed":false,"footnotes":""},"class_list":["post-979","page","type-page","status-publish","hentry","odd"],"acf":[],"_links":{"self":[{"href":"https:\/\/www.rbz.es\/es\/wp-json\/wp\/v2\/pages\/979","targetHints":{"allow":["GET"]}}],"collection":[{"href":"https:\/\/www.rbz.es\/es\/wp-json\/wp\/v2\/pages"}],"about":[{"href":"https:\/\/www.rbz.es\/es\/wp-json\/wp\/v2\/types\/page"}],"author":[{"embeddable":true,"href":"https:\/\/www.rbz.es\/es\/wp-json\/wp\/v2\/users\/1"}],"replies":[{"embeddable":true,"href":"https:\/\/www.rbz.es\/es\/wp-json\/wp\/v2\/comments?post=979"}],"version-history":[{"count":1,"href":"https:\/\/www.rbz.es\/es\/wp-json\/wp\/v2\/pages\/979\/revisions"}],"predecessor-version":[{"id":2049,"href":"https:\/\/www.rbz.es\/es\/wp-json\/wp\/v2\/pages\/979\/revisions\/2049"}],"up":[{"embeddable":true,"href":"https:\/\/www.rbz.es\/es\/wp-json\/wp\/v2\/pages\/863"}],"wp:attachment":[{"href":"https:\/\/www.rbz.es\/es\/wp-json\/wp\/v2\/media?parent=979"}],"curies":[{"name":"wp","href":"https:\/\/api.w.org\/{rel}","templated":true}]}}